{"id":24,"date":"2017-06-14T21:43:57","date_gmt":"2017-06-14T21:43:57","guid":{"rendered":"http:\/\/demo.curlythemes.com\/theatrewp\/?page_id=24"},"modified":"2025-09-17T15:03:41","modified_gmt":"2025-09-17T13:03:41","slug":"contacts","status":"publish","type":"page","link":"https:\/\/cabaretburlesque.com\/index.php\/contacts\/","title":{"rendered":"Contacts"},"content":{"rendered":"<section class=\"wpb-content-wrapper\">[vc_row full_width=&#8221;stretch_row&#8221; content_placement=&#8221;top&#8221; curly_bg_repeat=&#8221;bg-no-repeat&#8221; curly_bg_position=&#8221;bg-pos-center-center&#8221; curly_bg_parallax=&#8221;true&#8221; css=&#8221;.vc_custom_1497730814152{background: #1a1919 url(http:\/\/cabaretburlesque.com\/wp-content\/uploads\/2017\/06\/lightinthetheater.jpeg-copy.jpg?id=93) !important;background-position: center !important;background-repeat: no-repeat !important;background-size: cover !important;}&#8221;][vc_column][vc_empty_space height=&#8221;&#8221; el_class=&#8221;xtd-spacer&#8211;xl&#8221;][vc_column_text]\n<h1 class=\"special-title display-2 xtd-text-shadow--normal-hard\" style=\"text-align: center;\">Contacts<\/h1>\n[\/vc_column_text][vc_empty_space height=&#8221;&#8221; el_class=&#8221;xtd-spacer&#8211;lg&#8221;][\/vc_column][vc_column width=&#8221;1\/3&#8243;][vc_column_text]\n<h2>Booking<\/h2>\n<h4><\/h4>\n[\/vc_column_text][\/vc_column][vc_column width=&#8221;1\/3&#8243;][vc_column_text]\n<h4>Production<\/h4>\n<p>LE BURLESQUE KLUB<br \/>\nEMAIL\u00a0\/\u00a0<strong>contact(@)leburlesqueklub.com<\/strong><br \/>\nWEB \/ <a href=\"https:\/\/leburlesqueklub.com\/\">https:\/\/leburlesqueklub.com\/<\/a>[\/vc_column_text][vc_empty_space height=&#8221;20px&#8221;][\/vc_column][vc_column width=&#8221;1\/3&#8243;][vc_column_text]\n<h4>Diffusion<\/h4>\n<p>CLEMENCE BRACQ<br \/>\nEMAIL \/ <strong>clemence.bracq@gmail.com<\/strong><\/p>\n[\/vc_column_text][\/vc_column][vc_column][vc_separator color=&#8221;custom&#8221; accent_color=&#8221;rgba(255,255,255,0.13)&#8221;][\/vc_column][vc_column width=&#8221;1\/3&#8243;][vc_column_text]\n<h2>Partenaires<\/h2>\n[\/vc_column_text][\/vc_column][vc_column width=&#8221;1\/3&#8243;][vc_column_text]\n<h4>AUX P&#8217;TITS OIGNONS PRODUCTIONS<\/h4>\n<p><strong><br \/>\n<\/strong><a href=\"#\">auxptitsoignonsproductions(@)gmail.com<\/a>[\/vc_column_text][\/vc_column][vc_column][vc_empty_space height=&#8221;&#8221; el_class=&#8221;xtd-spacer&#8221;][\/vc_column][\/vc_row][vc_row el_id=&#8221;getting-here&#8221;][vc_column][vc_column_text]\n<h1 class=\"display-2 special-title\" style=\"text-align: center;\">Salles<\/h1>\n[\/vc_column_text][\/vc_column][vc_column width=&#8221;5\/6&#8243; offset=&#8221;vc_col-sm-offset-1&#8243;]<div class='xtd-gmap xtd-shadow--large-hard ' data-latitude='-37.8271' data-longitude='144.9670' data-latitude-center='-37.8271' data-longitude-center='144.9670' data-type='ROADMAP' data-zoom='15' data-theme='[{\"featureType\":\"all\",\"elementType\":\"labels.text.fill\",\"stylers\":[{\"saturation\":36},{\"color\":\"#000000\"},{\"lightness\":40}]},{\"featureType\":\"all\",\"elementType\":\"labels.text.stroke\",\"stylers\":[{\"visibility\":\"on\"},{\"color\":\"#000000\"},{\"lightness\":16}]},{\"featureType\":\"all\",\"elementType\":\"labels.icon\",\"stylers\":[{\"visibility\":\"off\"}]},{\"featureType\":\"administrative\",\"elementType\":\"geometry.fill\",\"stylers\":[{\"color\":\"#000000\"},{\"lightness\":20}]},{\"featureType\":\"administrative\",\"elementType\":\"geometry.stroke\",\"stylers\":[{\"color\":\"#000000\"},{\"lightness\":17},{\"weight\":1.2}]},{\"featureType\":\"landscape\",\"elementType\":\"geometry\",\"stylers\":[{\"color\":\"#000000\"},{\"lightness\":20}]},{\"featureType\":\"poi\",\"elementType\":\"geometry\",\"stylers\":[{\"color\":\"#000000\"},{\"lightness\":21}]},{\"featureType\":\"road.highway\",\"elementType\":\"geometry.fill\",\"stylers\":[{\"color\":\"#000000\"},{\"lightness\":17}]},{\"featureType\":\"road.highway\",\"elementType\":\"geometry.stroke\",\"stylers\":[{\"color\":\"#000000\"},{\"lightness\":29},{\"weight\":0.2}]},{\"featureType\":\"road.arterial\",\"elementType\":\"geometry\",\"stylers\":[{\"color\":\"#000000\"},{\"lightness\":18}]},{\"featureType\":\"road.local\",\"elementType\":\"geometry\",\"stylers\":[{\"color\":\"#000000\"},{\"lightness\":16}]},{\"featureType\":\"transit\",\"elementType\":\"geometry\",\"stylers\":[{\"color\":\"#000000\"},{\"lightness\":19}]},{\"featureType\":\"water\",\"elementType\":\"geometry\",\"stylers\":[{\"color\":\"#000000\"},{\"lightness\":17}]}]' data-height='500'><\/div>[vc_column_text]\n<p class=\"lead\" style=\"text-align: center;\">Vous pouvez nous voir r\u00e9guli\u00e8rement:<\/p>\n[\/vc_column_text][vc_empty_space height=&#8221;&#8221; el_class=&#8221;xtd-spacer&#8221;][vc_row_inner gap=&#8221;35&#8243;][vc_column_inner width=&#8221;1\/2&#8243; css=&#8221;.vc_custom_1496332454267{padding-right: 2rem !important;}&#8221;][vc_column_text]\n<h4>LA NOUVELLE SEINE, Paris<\/h4>\n<p>Tous les vendredis et samedis depuis 2013.<\/p>\n<h4>THEATRE MICHEL, Paris<\/h4>\n<p>Un grand show annuel au mois de Septembre r\u00e9unissant la cr\u00e8me de la cr\u00e8me du Cabaret Burlesque.<\/p>\n<h4><\/h4>\n[\/vc_column_text][\/vc_column_inner][vc_column_inner width=&#8221;1\/2&#8243; css=&#8221;.vc_custom_1496332459319{padding-left: 2rem !important;}&#8221;][vc_column_text]\n<h4>LE ROUGE GORGE, Avignon<\/h4>\n<p>Tous les ans pour le Festival Off et ce, depuis 2013.<\/p>\n<p>(&#8230;)[\/vc_column_text][\/vc_column_inner][\/vc_row_inner][\/vc_column][\/vc_row][vc_row full_width=&#8221;stretch_row&#8221; css=&#8221;.vc_custom_1497613070260{background-color: #1a1919 !important;}&#8221; el_id=&#8221;tickets-info&#8221;][vc_column width=&#8221;5\/12&#8243;][vc_column_text]\n<h1 class=\"dspecial-title special-title\" style=\"text-align: left;\">Tickets<\/h1>\n[\/vc_column_text][vc_empty_space height=&#8221;&#8221; el_class=&#8221;xtd-spacer&#8221;][vc_column_text]\n<p class=\"lead\">Nous ne g\u00e9rons pas directement les r\u00e9servations.<\/p>\n<p>Pour acheter vos places :<\/p>\n<ul>\n<li>Vous pouvez suivre les liens dans la rubrique <a href=\"https:\/\/cabaretburlesque.com\/index.php\/agenda\/\">AGENDA<\/a><\/li>\n<li>Visiter les sites des th\u00e9\u00e2tres concern\u00e9s<\/li>\n<li>Ou retrouver tous nos spectacles en cherchant &#8220;Le Cabaret Burlesque&#8221; sur les billetteries en ligne traditionnelles (Billetreduc, Fnac, Ticketnet, Theatre Online, Theatre in Paris etc&#8230;)<\/li>\n<\/ul>\n[\/vc_column_text][\/vc_column][vc_column width=&#8221;1\/2&#8243; offset=&#8221;vc_col-sm-offset-1&#8243;][vc_video link=&#8221;https:\/\/youtu.be\/-gMJkpJ2zbo&#8221;][\/vc_column][\/vc_row]\n<\/section>","protected":false},"excerpt":{"rendered":"<p>[vc_row full_width=&#8221;stretch_row&#8221; content_placement=&#8221;top&#8221; curly_bg_repeat=&#8221;bg-no-repeat&#8221; curly_bg_position=&#8221;bg-pos-center-center&#8221; curly_bg_parallax=&#8221;true&#8221; css=&#8221;.vc_custom_1497730814152{background: #1a1919 url(http:\/\/cabaretburlesque.com\/wp-content\/uploads\/2017\/06\/lightinthetheater.jpeg-copy.jpg?id=93) !important;background-position: center !important;background-repeat: no-repeat !important;background-size: cover !important;}&#8221;][vc_column][vc_empty_space height=&#8221;&#8221; el_class=&#8221;xtd-spacer&#8211;xl&#8221;][vc_column_text] Contacts [\/vc_column_text][vc_empty_space height=&#8221;&#8221; el_class=&#8221;xtd-spacer&#8211;lg&#8221;][\/vc_column][vc_column width=&#8221;1\/3&#8243;][vc_column_text] Booking [\/vc_column_text][\/vc_column][vc_column width=&#8221;1\/3&#8243;][vc_column_text] Production LE BURLESQUE KLUB EMAIL\u00a0\/\u00a0contact(@)leburlesqueklub.com WEB \/ https:\/\/leburlesqueklub.com\/[\/vc_column_text][vc_empty_space height=&#8221;20px&#8221;][\/vc_column][vc_column width=&#8221;1\/3&#8243;][vc_column_text] Diffusion CLEMENCE BRACQ EMAIL \/ clemence.bracq@gmail.com [\/vc_column_text][\/vc_column][vc_column][vc_separator color=&#8221;custom&#8221; accent_color=&#8221;rgba(255,255,255,0.13)&#8221;][\/vc_column][vc_column width=&#8221;1\/3&#8243;][vc_column_text] Partenaires [\/vc_column_text][\/vc_column][vc_column width=&#8221;1\/3&#8243;][vc_column_text] AUX P&#8217;TITS OIGNONS PRODUCTIONS auxptitsoignonsproductions(@)gmail.com[\/vc_column_text][\/vc_column][vc_column][vc_empty_space height=&#8221;&#8221; el_class=&#8221;xtd-spacer&#8221;][\/vc_column][\/vc_row][vc_row el_id=&#8221;getting-here&#8221;][vc_column][vc_column_text] Salles [\/vc_column_text][\/vc_column][vc_column width=&#8221;5\/6&#8243; [&hellip;]<\/p>\n","protected":false},"author":1,"featured_media":0,"parent":0,"menu_order":0,"comment_status":"closed","ping_status":"closed","template":"","meta":{"inline_featured_image":false,"footnotes":""},"class_list":["post-24","page","type-page","status-publish","hentry"],"aioseo_notices":[],"_links":{"self":[{"href":"https:\/\/cabaretburlesque.com\/index.php\/wp-json\/wp\/v2\/pages\/24","targetHints":{"allow":["GET"]}}],"collection":[{"href":"https:\/\/cabaretburlesque.com\/index.php\/wp-json\/wp\/v2\/pages"}],"about":[{"href":"https:\/\/cabaretburlesque.com\/index.php\/wp-json\/wp\/v2\/types\/page"}],"author":[{"embeddable":true,"href":"https:\/\/cabaretburlesque.com\/index.php\/wp-json\/wp\/v2\/users\/1"}],"replies":[{"embeddable":true,"href":"https:\/\/cabaretburlesque.com\/index.php\/wp-json\/wp\/v2\/comments?post=24"}],"version-history":[{"count":30,"href":"https:\/\/cabaretburlesque.com\/index.php\/wp-json\/wp\/v2\/pages\/24\/revisions"}],"predecessor-version":[{"id":3135,"href":"https:\/\/cabaretburlesque.com\/index.php\/wp-json\/wp\/v2\/pages\/24\/revisions\/3135"}],"wp:attachment":[{"href":"https:\/\/cabaretburlesque.com\/index.php\/wp-json\/wp\/v2\/media?parent=24"}],"curies":[{"name":"wp","href":"https:\/\/api.w.org\/{rel}","templated":true}]}}