{"id":2015,"date":"2017-06-14T18:00:06","date_gmt":"2017-06-14T18:00:06","guid":{"rendered":"http:\/\/demo.curlythemes.com\/theatrewp\/?page_id=7"},"modified":"2026-04-02T15:52:21","modified_gmt":"2026-04-02T13:52:21","slug":"home","status":"publish","type":"page","link":"https:\/\/cabaretburlesque.com\/","title":{"rendered":"Home"},"content":{"rendered":"<section class=\"wpb-content-wrapper\">[vc_row][vc_column width=&#8221;1\/2&#8243;][vc_column_text]\n<p class=\"lead lead-lg\" style=\"text-align: center;\">LA REFERENCE DU BURLESQUE HEXAGONAL DEPUIS 2013<\/p>\n<div id=\"speDescription\">\n<p>Dans la grande lign\u00e9e des spectacles d&#8217;effeuillage \u00e0 l&#8217;am\u00e9ricaine, la troupe du Burlesque Klub d\u00e9cortique toutes les facettes du N\u00e9o Burlesque avec des num\u00e9ros po\u00e9tiques, dr\u00f4les ou totalement kitsch. Les mises en sc\u00e8nes soign\u00e9es, l&#8217;esth\u00e9tique r\u00e9tro \u00e0 grand renfort de plumes et paillettes caract\u00e9risent ce spectacle empreint de bonne humeur et \u00e0 l&#8217;\u00e9nergie communicative.<\/p>\n<\/div>\n[\/vc_column_text][vc_btn title=&#8221;Tout savoir sur le spectacle&#8221; link=&#8221;url:https%3A%2F%2Fcabaretburlesque.com%2Findex.php%2Fspectacle%2F|target:_blank&#8221;][\/vc_column][vc_column width=&#8221;1\/2&#8243;][vc_single_image image=&#8221;2190&#8243; img_size=&#8221;full&#8221; style=&#8221;xtd-shadow&#8211;normal-hard&#8221; onclick=&#8221;link_image&#8221; el_class=&#8221;xtd-offset-frame&#8221;][\/vc_column][\/vc_row][vc_row][vc_column width=&#8221;2\/3&#8243;][vc_column_text]\n<h1 class=\"display-1 special-title\"><small>LA NOUVELLE EVE, PARIS<\/small>EVENEMENT<\/h1>\n<p class=\"lead lead-lg\">SOIREE SPECIALE ANNIVERSAIRE : 13 ans, 13 artistes!<br \/>\n<a href=\"https:\/\/www.billetreduc.com\/spectacle\/l-anniversaire-du-cabaret-burlesque-393211\">Informations ici<\/a><\/p>\n[\/vc_column_text][\/vc_column][vc_column width=&#8221;1\/3&#8243;][vc_single_image image=&#8221;3176&#8243; img_size=&#8221;large&#8221; alignment=&#8221;center&#8221; style=&#8221;xtd-shadow&#8211;normal-hard&#8221;][\/vc_column][\/vc_row][vc_row full_width=&#8221;stretch_row&#8221; css=&#8221;.vc_custom_1496176570672{background-color: #1a1919 !important;}&#8221;][vc_column][vc_column_text]\n<h5 style=\"text-align: center;\">Ils parlent de nous<\/h5>\n<h1 class=\"special-title\" style=\"text-align: center;\">Le Cabaret Burlesque \u00e0 la Nouvelle Seine<\/h1>\n[\/vc_column_text][\/vc_column][vc_column][vc_row_inner][vc_column_inner width=&#8221;1\/3&#8243;][vc_video link=&#8221;https:\/\/youtu.be\/G7v_cxoymmk?si=T7hQ0t2WjuDCX8UV&#8221;][\/vc_column_inner][vc_column_inner width=&#8221;1\/3&#8243;][vc_video link=&#8221;https:\/\/vimeo.com\/899435726&#8243;][\/vc_column_inner][vc_column_inner width=&#8221;1\/3&#8243;][vc_video link=&#8221;https:\/\/youtu.be\/NNEa0erLWG8?si=OldOqgBM4_Yuj6e9&#8243;][\/vc_column_inner][\/vc_row_inner][vc_btn title=&#8221;Informations et r\u00e9servations&#8221; align=&#8221;center&#8221; link=&#8221;url:https%3A%2F%2Fcabaretburlesque.com%2Findex.php%2Fclass%2Flanouvelleseine%2F&#8221;][\/vc_column][\/vc_row][vc_row full_width=&#8221;stretch_row&#8221; equal_height=&#8221;yes&#8221; content_placement=&#8221;middle&#8221; curly_bg_repeat=&#8221;bg-no-repeat&#8221; curly_bg_position=&#8221;bg-pos-center-center&#8221; css=&#8221;.vc_custom_1496176576005{background-position: center !important;background-repeat: no-repeat !important;background-size: contain !important;}&#8221;][vc_column width=&#8221;5\/12&#8243; curly_bg_repeat=&#8221;bg-no-repeat&#8221;][vc_single_image image=&#8221;2402&#8243; img_size=&#8221;full&#8221; style=&#8221;xtd-shadow&#8211;large-hard&#8221; css_animation=&#8221;none&#8221; el_class=&#8221;xtd-offset-frame&#8221;][vc_empty_space height=&#8221;&#8221; el_class=&#8221;xtd-spacer&#8211;lg&#8221;][\/vc_column][vc_column width=&#8221;1\/2&#8243; curly_bg_repeat=&#8221;bg-no-repeat&#8221; curly_bg_position=&#8221;bg-pos-center-center&#8221; css=&#8221;.vc_custom_1497536990501{background-image: url(http:\/\/demo.curlythemes.com\/theatrewp\/wp-content\/uploads\/sites\/21\/2017\/06\/letter-2.svg?id=80) !important;background-position: center !important;background-repeat: no-repeat !important;background-size: contain !important;}&#8221; offset=&#8221;vc_col-sm-offset-1&#8243;][vc_empty_space height=&#8221;&#8221; el_class=&#8221;xtd-spacer&#8211;lg&#8221;][vc_column_text css_animation=&#8221;none&#8221; el_class=&#8221;xtd-text-shadow&#8211;large-hard&#8221; css=&#8221;.vc_custom_1682456429876{margin-right: -4rem !important;margin-left: -4rem !important;}&#8221;]\n<blockquote><p>Ce show moderne offre un \u00e9tonnant cocktail de glamour\u00a0et de po\u00e9sie, saupoudr\u00e9 d\u2019une pointe d\u2019extravagance et,\u00a0surtout, d\u2019une bonne dose d\u2019humour.<cite>Le Pariscope<\/cite><\/p><\/blockquote>\n[\/vc_column_text][\/vc_column][\/vc_row][vc_row][vc_column][vc_column_text]\n<h1>COURS<\/h1>\n<p><script type=\"text\/javascript\" src=\"https:\/\/bookeo.com\/widget.js?a=42551999KKH19C75BD97D0\"><\/script>[\/vc_column_text][\/vc_column][\/vc_row]\n<\/section>","protected":false},"excerpt":{"rendered":"<p>[vc_row][vc_column width=&#8221;1\/2&#8243;][vc_column_text] LA REFERENCE DU BURLESQUE HEXAGONAL DEPUIS 2013 Dans la grande lign\u00e9e des spectacles d&#8217;effeuillage \u00e0 l&#8217;am\u00e9ricaine, la troupe du Burlesque Klub d\u00e9cortique toutes les facettes du N\u00e9o Burlesque avec des num\u00e9ros po\u00e9tiques, dr\u00f4les ou totalement kitsch. Les mises en sc\u00e8nes soign\u00e9es, l&#8217;esth\u00e9tique r\u00e9tro \u00e0 grand renfort de plumes et paillettes caract\u00e9risent ce spectacle empreint de bonne humeur et [&hellip;]<\/p>\n","protected":false},"author":1,"featured_media":0,"parent":0,"menu_order":0,"comment_status":"closed","ping_status":"closed","template":"","meta":{"inline_featured_image":false,"footnotes":""},"class_list":["post-2015","page","type-page","status-publish","hentry"],"aioseo_notices":[],"_links":{"self":[{"href":"https:\/\/cabaretburlesque.com\/index.php\/wp-json\/wp\/v2\/pages\/2015","targetHints":{"allow":["GET"]}}],"collection":[{"href":"https:\/\/cabaretburlesque.com\/index.php\/wp-json\/wp\/v2\/pages"}],"about":[{"href":"https:\/\/cabaretburlesque.com\/index.php\/wp-json\/wp\/v2\/types\/page"}],"author":[{"embeddable":true,"href":"https:\/\/cabaretburlesque.com\/index.php\/wp-json\/wp\/v2\/users\/1"}],"replies":[{"embeddable":true,"href":"https:\/\/cabaretburlesque.com\/index.php\/wp-json\/wp\/v2\/comments?post=2015"}],"version-history":[{"count":108,"href":"https:\/\/cabaretburlesque.com\/index.php\/wp-json\/wp\/v2\/pages\/2015\/revisions"}],"predecessor-version":[{"id":3225,"href":"https:\/\/cabaretburlesque.com\/index.php\/wp-json\/wp\/v2\/pages\/2015\/revisions\/3225"}],"wp:attachment":[{"href":"https:\/\/cabaretburlesque.com\/index.php\/wp-json\/wp\/v2\/media?parent=2015"}],"curies":[{"name":"wp","href":"https:\/\/api.w.org\/{rel}","templated":true}]}}